{"id":4905,"date":"2020-12-09T10:26:22","date_gmt":"2020-12-09T09:26:22","guid":{"rendered":"https:\/\/domaine-massenot-clos-moreau.fr\/?page_id=4905"},"modified":"2023-11-04T09:40:51","modified_gmt":"2023-11-04T08:40:51","slug":"histoire-2","status":"publish","type":"page","link":"https:\/\/domaine-massenot-clos-moreau.fr\/?page_id=4905","title":{"rendered":"histoire"},"content":{"rendered":"<p>[vc_row][vc_column]\n\t\t\t<!-- START Home 4 REVOLUTION SLIDER 6.2.22 --><p class=\"rs-p-wp-fix\"><\/p>\n\t\t\t<rs-module-wrap id=\"rev_slider_4_1_wrapper\" data-source=\"gallery\" style=\"background:transparent;padding:0;margin:0px auto;margin-top:0;margin-bottom:0;\">\n\t\t\t\t<rs-module id=\"rev_slider_4_1\" style=\"\" data-version=\"6.2.22\">\n\t\t\t\t\t<rs-slides>\n\t\t\t\t\t\t<rs-slide data-key=\"rs-7\" data-title=\"Slide\" data-anim=\"ei:d;eo:d;s:1000;r:0;t:fade;sl:0;\">\n\t\t\t\t\t\t\t<img decoding=\"async\" src=\"\/\/domaine-massenot-clos-moreau.fr\/wp-content\/plugins\/revslider\/public\/assets\/assets\/transparent.png\" alt=\"Slide\" title=\"histoire\" class=\"rev-slidebg\" data-no-retina>\n<!--\n\t\t\t\t\t\t\t--><rs-layer\n\t\t\t\t\t\t\t\tid=\"slider-4-slide-7-layer-0\" \n\t\t\t\t\t\t\t\tdata-type=\"image\"\n\t\t\t\t\t\t\t\tdata-xy=\"xo:4px,3px,7px,40px;yo:75px,101px,53px,16px;\"\n\t\t\t\t\t\t\t\tdata-text=\"w:normal;s:20,15,8,6;l:0,19,10,8;\"\n\t\t\t\t\t\t\t\tdata-dim=\"w:732px,575px,403px,300px;h:414px,325px,231px,172px;\"\n\t\t\t\t\t\t\t\tdata-rsp_o=\"off\"\n\t\t\t\t\t\t\t\tdata-frame_0=\"sX:0.9;sY:0.9;\"\n\t\t\t\t\t\t\t\tdata-frame_1=\"e:expo.out;sp:1000;\"\n\t\t\t\t\t\t\t\tdata-frame_999=\"o:0;st:w;sR:8000;\"\n\t\t\t\t\t\t\t\tstyle=\"z-index:5;\"\n\t\t\t\t\t\t\t><img loading=\"lazy\" decoding=\"async\" src=\"\/\/domaine-massenot-clos-moreau.fr\/wp-content\/uploads\/2021\/03\/dreamstime_xl_92205235-scaled.jpg\" width=\"2560\" height=\"1447\" data-no-retina> \n\t\t\t\t\t\t\t<\/rs-layer><!--\n\n\t\t\t\t\t\t\t--><rs-layer\n\t\t\t\t\t\t\t\tid=\"slider-4-slide-7-layer-5\" \n\t\t\t\t\t\t\t\tdata-type=\"image\"\n\t\t\t\t\t\t\t\tdata-rsp_ch=\"on\"\n\t\t\t\t\t\t\t\tdata-xy=\"x:c;xo:233px,183px,63px,55px;y:m;yo:14px,11px,19px,12px;\"\n\t\t\t\t\t\t\t\tdata-text=\"w:normal;s:20,15,8,6;l:0,19,10,8;\"\n\t\t\t\t\t\t\t\tdata-dim=\"w:476px,374px,270px,230px;h:500px,392px,283px,241px;\"\n\t\t\t\t\t\t\t\tdata-basealign=\"slide\"\n\t\t\t\t\t\t\t\tdata-frame_1=\"e:expo.out;st:200;sp:1500;\"\n\t\t\t\t\t\t\t\tdata-frame_999=\"o:0;st:w;\"\n\t\t\t\t\t\t\t\tstyle=\"z-index:6;\"\n\t\t\t\t\t\t\t><img loading=\"lazy\" decoding=\"async\" src=\"\/\/domaine-massenot-clos-moreau.fr\/wp-content\/uploads\/2021\/05\/blanc-slider-2.png\" width=\"1000\" height=\"1050\" data-no-retina> \n\t\t\t\t\t\t\t<\/rs-layer><!--\n\n\t\t\t\t\t\t\t--><rs-layer\n\t\t\t\t\t\t\t\tid=\"slider-4-slide-7-layer-7\" \n\t\t\t\t\t\t\t\tdata-type=\"image\"\n\t\t\t\t\t\t\t\tdata-rsp_ch=\"on\"\n\t\t\t\t\t\t\t\tdata-xy=\"x:c;xo:440px,345px,152px,90px;y:m;yo:35px,27px,59px,82px;\"\n\t\t\t\t\t\t\t\tdata-text=\"w:normal;s:20,15,8,6;l:0,19,10,8;\"\n\t\t\t\t\t\t\t\tdata-dim=\"w:512px,402px,270px,230px;h:486px,381px,261px,222px;\"\n\t\t\t\t\t\t\t\tdata-basealign=\"slide\"\n\t\t\t\t\t\t\t\tdata-frame_1=\"e:back.out;st:210;sp:1500;\"\n\t\t\t\t\t\t\t\tdata-frame_999=\"o:0;st:w;\"\n\t\t\t\t\t\t\t\tstyle=\"z-index:7;\"\n\t\t\t\t\t\t\t><img loading=\"lazy\" decoding=\"async\" src=\"\/\/domaine-massenot-clos-moreau.fr\/wp-content\/uploads\/2021\/05\/rouge-slider-2.png\" width=\"1000\" height=\"949\" data-no-retina> \n\t\t\t\t\t\t\t<\/rs-layer><!--\n-->\t\t\t\t\t\t<\/rs-slide>\n\t\t\t\t\t<\/rs-slides>\n\t\t\t\t\t<rs-static-layers><!--\n\t\t\t\t\t--><\/rs-static-layers>\n\t\t\t\t<\/rs-module>\n\t\t\t\t<script type=\"text\/javascript\">\n\t\t\t\t\tsetREVStartSize({c: 'rev_slider_4_1',rl:[1240,1024,778,480],el:[570,570,500,420],gw:[1400,1100,600,480],gh:[570,570,500,420],type:'hero',justify:'',layout:'fullwidth',mh:\"0\"});\n\t\t\t\t\tvar\trevapi4,\n\t\t\t\t\t\ttpj;\n\t\t\t\t\tfunction revinit_revslider41() {\n\t\t\t\t\tjQuery(function() {\n\t\t\t\t\t\ttpj = jQuery;\n\t\t\t\t\t\trevapi4 = tpj(\"#rev_slider_4_1\");\n\t\t\t\t\t\tif(revapi4==undefined || revapi4.revolution == undefined){\n\t\t\t\t\t\t\trevslider_showDoubleJqueryError(\"rev_slider_4_1\");\n\t\t\t\t\t\t}else{\n\t\t\t\t\t\t\trevapi4.revolution({\n\t\t\t\t\t\t\t\tsliderType:\"hero\",\n\t\t\t\t\t\t\t\tsliderLayout:\"fullwidth\",\n\t\t\t\t\t\t\t\tvisibilityLevels:\"1240,1024,778,480\",\n\t\t\t\t\t\t\t\tgridwidth:\"1400,1100,600,480\",\n\t\t\t\t\t\t\t\tgridheight:\"570,570,500,420\",\n\t\t\t\t\t\t\t\tperspective:600,\n\t\t\t\t\t\t\t\tperspectiveType:\"local\",\n\t\t\t\t\t\t\t\teditorheight:\"570,570,500,420\",\n\t\t\t\t\t\t\t\tresponsiveLevels:\"1240,1024,778,480\",\n\t\t\t\t\t\t\t\tprogressBar:{disableProgressBar:true},\n\t\t\t\t\t\t\t\tnavigation: {\n\t\t\t\t\t\t\t\t\tonHoverStop:false\n\t\t\t\t\t\t\t\t},\n\t\t\t\t\t\t\t\tfallbacks: {\n\t\t\t\t\t\t\t\t\tallowHTML5AutoPlayOnAndroid:true\n\t\t\t\t\t\t\t\t},\n\t\t\t\t\t\t\t});\n\t\t\t\t\t\t}\n\t\t\t\t\t\t\n\t\t\t\t\t});\n\t\t\t\t\t} \/\/ End of RevInitScript\n\t\t\t\tvar once_revslider41 = false;\n\t\t\t\tif (document.readyState === \"loading\") {document.addEventListener('readystatechange',function() { if((document.readyState === \"interactive\" || document.readyState === \"complete\") && !once_revslider41 ) { once_revslider41 = true; revinit_revslider41();}});} else {once_revslider41 = true; revinit_revslider41();}\n\t\t\t\t<\/script>\n\t\t\t<\/rs-module-wrap>\n\t\t\t<!-- END REVOLUTION SLIDER -->\n[\/vc_column][\/vc_row][vc_row row_content_width=\u00a0\u00bbgrid\u00a0\u00bb el_id=\u00a0\u00bbabout\u00a0\u00bb][vc_column css=\u00a0\u00bb.vc_custom_1573572557918{padding-top: 45px !important;padding-right: 15px !important;padding-bottom: 14px !important;padding-left: 15px !important;}\u00a0\u00bb]<div class=\"qodef-shortcode qodef-m  qodef-section-title qodef-alignment--center \">\n\t\t<h2 class=\"qodef-m-title\" >\n\t\tNotre Histoire\t\t<\/h2>\n\t\t<p class=\"qodef-m-subtitle\" >Domaine Massenot Clos Moreau<\/p>\n\t<\/div>[\/vc_column][\/vc_row][vc_row row_content_width=\u00a0\u00bbgrid\u00a0\u00bb][vc_column css=\u00a0\u00bb.vc_custom_1573572978478{padding-left: 24% !important;}\u00a0\u00bb column_responsive_padding_680=\u00a0\u00bb0 10%\u00a0\u00bb offset=\u00a0\u00bbvc_col-lg-6&Prime; column_responsive_padding_1024=\u00a0\u00bb0 10%\u00a0\u00bb column_responsive_padding_768=\u00a0\u00bb0 10%\u00a0\u00bb column_responsive_padding_1440=\u00a0\u00bb0 17px 0 17%\u00a0\u00bb column_responsive_padding_1366=\u00a0\u00bb0 17px 0 17%\u00a0\u00bb][vc_column_text]<\/p>\n<p style=\"text-align: justify;\">Le DOMAINE DU CLOS MOREAU 100% familial est aujourd\u2019hui sous la responsabilit\u00e9 des 2 fils Francis et Etienne, apr\u00e8s leur m\u00e8re Fran\u00e7oise g\u00e9rante depuis 2019, (date du d\u00e9part en retraite de leur p\u00e8re Pascal), de leur Grand-p\u00e8re Paul, de leur Arri\u00e8re- Grand-p\u00e8re Paul (lui aussi se pr\u00e9nommait Paul), de leur arri\u00e8re-arri\u00e8re- grand-p\u00e8re Jean-Baptiste, \u2026<\/p>\n<p>[\/vc_column_text][vc_empty_space][\/vc_column][vc_column css=\u00a0\u00bb.vc_custom_1573572984055{padding-right: 24% !important;}\u00a0\u00bb column_responsive_padding_680=\u00a0\u00bb0 10%\u00a0\u00bb offset=\u00a0\u00bbvc_col-lg-6&Prime; column_responsive_padding_1024=\u00a0\u00bb0 10%\u00a0\u00bb column_responsive_padding_768=\u00a0\u00bb0 10%\u00a0\u00bb column_responsive_padding_1440=\u00a0\u00bb0 17% 0 17px\u00a0\u00bb column_responsive_padding_1366=\u00a0\u00bb0 17% 0 17px\u00a0\u00bb][vc_column_text]<\/p>\n<p style=\"text-align: justify;\">Cette saga familiale remonte \u00e0 1610 sur Mercurey terres de pr\u00e9dilection et d\u2019investissements. La production est assur\u00e9e par les 15 hectares de notre domaine. Les travaux de vigne, la r\u00e9colte manuelle, la vinification, l\u2019\u00e9levage, la mise en bouteilles, la commercialisation sont r\u00e9alis\u00e9s par nous-m\u00eame et notre \u00e9quipe, ainsi nous disposons d\u2019une libert\u00e9 totale, bien rare de nos jours.<\/p>\n<p>[\/vc_column_text][\/vc_column][\/vc_row][vc_row row_content_width=\u00a0\u00bbgrid\u00a0\u00bb][vc_column width=\u00a0\u00bb1\/4&Prime; css=\u00a0\u00bb.vc_custom_1613484044229{padding-top: 45px !important;padding-right: 15px !important;padding-bottom: 14px !important;padding-left: 15px !important;}\u00a0\u00bb][\/vc_column][vc_column width=\u00a0\u00bb1\/2&Prime;][vc_empty_space height=\u00a0\u00bb50px\u00a0\u00bb]<div class=\"qodef-shortcode qodef-m  qodef-section-title qodef-alignment--center \">\n\t\t<h5 class=\"qodef-m-title\" >\n\t\t\u00ab TRADITION et PROGRES \u00bb voila bien les 2 bons mots qui d\u00e9finissent notre entreprise toujours tourn\u00e9e vers l\u2019avenir !\t\t<\/h5>\n\t\t<\/div>[\/vc_column][vc_column width=\u00a0\u00bb1\/4&Prime;][\/vc_column][\/vc_row][vc_row row_content_width=\u00a0\u00bbgrid\u00a0\u00bb el_class=\u00a0\u00bbqodef-workflows-holder\u00a0\u00bb][vc_column css=\u00a0\u00bb.vc_custom_1570439566973{padding-top: 70px !important;padding-bottom: 160px !important;}\u00a0\u00bb column_responsive_padding_680=\u00a0\u00bb60px 0 92px\u00a0\u00bb column_responsive_padding_1024=\u00a0\u00bb70px 0 91px\u00a0\u00bb column_responsive_padding_768=\u00a0\u00bb70px 0 91px\u00a0\u00bb]<div class=\"qodef-shortcode qodef-m  qodef-workflow\">\n\t\n\t<div class=\"qodef-e-workflow-image\">\n\t\t<img loading=\"lazy\" decoding=\"async\" width=\"207\" height=\"300\" src=\"https:\/\/domaine-massenot-clos-moreau.fr\/wp-content\/uploads\/2021\/03\/gravure-raisin.png\" class=\"attachment-full size-full\" alt=\"\" \/>\t<\/div>\n\t\n\t\t\t\n\t\t<div class=\"qodef-e-workflow-item\">\n\t\t\t<div class=\"qodef-e-workflow-item-inner\">\n\t\t\t\t\n\t\t\t\t<div class=\"qodef-e-workflow-text\">\n\t\t\t\t\t<p class=\"qodef-e-subtitle\">2001<\/p>\n\t\t\t\t\t<h5 class=\"qodef-e-title\">concentration des mouts de raisins<\/h5>\n\t\t\t\t\t<p class=\"qodef-e-text\"><\/p>\n\t\t\t\t<\/div>\n\t\t\t\n\t\t\t<\/div>\n\t\t<\/div>\n\t\t\t\n\t\t<div class=\"qodef-e-workflow-item\">\n\t\t\t<div class=\"qodef-e-workflow-item-inner\">\n\t\t\t\t\n\t\t\t\t<div class=\"qodef-e-workflow-text\">\n\t\t\t\t\t<p class=\"qodef-e-subtitle\">2008<\/p>\n\t\t\t\t\t<h5 class=\"qodef-e-title\">le braille s\u2019invite sur nos \u00e9tiquettes<\/h5>\n\t\t\t\t\t<p class=\"qodef-e-text\"><\/p>\n\t\t\t\t<\/div>\n\t\t\t\n\t\t\t<\/div>\n\t\t<\/div>\n\t\n<\/div>[vc_empty_space height=\u00a0\u00bb100px\u00a0\u00bb]<div class=\"qodef-shortcode qodef-m  qodef-workflow\">\n\t\n\t<div class=\"qodef-e-workflow-image\">\n\t\t<img loading=\"lazy\" decoding=\"async\" width=\"207\" height=\"300\" src=\"https:\/\/domaine-massenot-clos-moreau.fr\/wp-content\/uploads\/2021\/03\/gravure-bouteille.png\" class=\"attachment-full size-full\" alt=\"\" \/>\t<\/div>\n\t\n\t\t\t\n\t\t<div class=\"qodef-e-workflow-item\">\n\t\t\t<div class=\"qodef-e-workflow-item-inner\">\n\t\t\t\t\n\t\t\t\t<div class=\"qodef-e-workflow-text\">\n\t\t\t\t\t<p class=\"qodef-e-subtitle\">2018<\/p>\n\t\t\t\t\t<h5 class=\"qodef-e-title\">d\u00e9but du parcellaire sur nos bouteilles<\/h5>\n\t\t\t\t\t<p class=\"qodef-e-text\"><\/p>\n\t\t\t\t<\/div>\n\t\t\t\n\t\t\t<\/div>\n\t\t<\/div>\n\t\t\t\n\t\t<div class=\"qodef-e-workflow-item\">\n\t\t\t<div class=\"qodef-e-workflow-item-inner\">\n\t\t\t\t\n\t\t\t\t<div class=\"qodef-e-workflow-text\">\n\t\t\t\t\t<p class=\"qodef-e-subtitle\">2019<\/p>\n\t\t\t\t\t<h5 class=\"qodef-e-title\">nouveau logo cr\u00e9e par les gar\u00e7ons<\/h5>\n\t\t\t\t\t<p class=\"qodef-e-text\"><\/p>\n\t\t\t\t<\/div>\n\t\t\t\n\t\t\t<\/div>\n\t\t<\/div>\n\t\n<\/div>[vc_empty_space height=\u00a0\u00bb100px\u00a0\u00bb]<div class=\"qodef-shortcode qodef-m  qodef-workflow\">\n\t\n\t<div class=\"qodef-e-workflow-image\">\n\t\t<img loading=\"lazy\" decoding=\"async\" width=\"207\" height=\"300\" src=\"https:\/\/domaine-massenot-clos-moreau.fr\/wp-content\/uploads\/2021\/03\/gravure-tonneau.png\" class=\"attachment-full size-full\" alt=\"\" \/>\t<\/div>\n\t\n\t\t\t\n\t\t<div class=\"qodef-e-workflow-item\">\n\t\t\t<div class=\"qodef-e-workflow-item-inner\">\n\t\t\t\t\n\t\t\t\t<div class=\"qodef-e-workflow-text\">\n\t\t\t\t\t<p class=\"qodef-e-subtitle\">2021<\/p>\n\t\t\t\t\t<h5 class=\"qodef-e-title\">premiers essais des drones de traitements (spectaculaire\u00a0!)<\/h5>\n\t\t\t\t\t<p class=\"qodef-e-text\"><\/p>\n\t\t\t\t<\/div>\n\t\t\t\n\t\t\t<\/div>\n\t\t<\/div>\n\t\t\t\n\t\t<div class=\"qodef-e-workflow-item\">\n\t\t\t<div class=\"qodef-e-workflow-item-inner\">\n\t\t\t\t\n\t\t\t\t<div class=\"qodef-e-workflow-text\">\n\t\t\t\t\t<p class=\"qodef-e-subtitle\">2022<\/p>\n\t\t\t\t\t<h5 class=\"qodef-e-title\">cr\u00e9ation de notre nouvelle cuverie (magnifique projet)<\/h5>\n\t\t\t\t\t<p class=\"qodef-e-text\"><\/p>\n\t\t\t\t<\/div>\n\t\t\t\n\t\t\t<\/div>\n\t\t<\/div>\n\t\n<\/div>[\/vc_column][\/vc_row][vc_row content_placement=\u00a0\u00bbmiddle\u00a0\u00bb content_text_alignment=\u00a0\u00bbcenter\u00a0\u00bb css=\u00a0\u00bb.vc_custom_1699086814238{padding-right: 3.4% !important;padding-left: 3.4% !important;}\u00a0\u00bb][vc_column][vc_row_inner content_text_alignment=\u00a0\u00bbcenter\u00a0\u00bb css=\u00a0\u00bb.vc_custom_1699086903740{margin-right: 0px !important;margin-left: 0px !important;padding-top: 30px !important;padding-bottom: 30px !important;background-position: center !important;background-repeat: no-repeat !important;background-size: cover !important;}\u00a0\u00bb][vc_column_inner][vc_single_image image=\u00a0\u00bb5643&Prime; img_size=\u00a0\u00bbfull\u00a0\u00bb css=\u00a0\u00bb.vc_custom_1699086874036{margin-right: 0px !important;margin-left: 0px !important;padding-right: 0px !important;padding-left: 0px !important;}\u00a0\u00bb][vc_single_image image=\u00a0\u00bb5328&Prime; img_size=\u00a0\u00bbfull\u00a0\u00bb css=\u00a0\u00bb.vc_custom_1699087232796{margin-top: 30px !important;margin-right: 0px !important;margin-left: 0px !important;padding-right: 0px !important;padding-left: 0px !important;}\u00a0\u00bb][\/vc_column_inner][\/vc_row_inner][\/vc_column][\/vc_row]<\/p>\n","protected":false},"excerpt":{"rendered":"<p>[vc_row][vc_column][\/vc_column][\/vc_row][vc_row row_content_width=\u00a0\u00bbgrid\u00a0\u00bb el_id=\u00a0\u00bbabout\u00a0\u00bb][vc_column css=\u00a0\u00bb.vc_custom_1573572557918{padding-top: 45px !important;padding-right: 15px !important;padding-bottom: 14px !important;padding-left: 15px !important;}\u00a0\u00bb][\/vc_column][\/vc_row][vc_row row_content_width=\u00a0\u00bbgrid\u00a0\u00bb][vc_column css=\u00a0\u00bb.vc_custom_1573572978478{padding-left: 24% !important;}\u00a0\u00bb column_responsive_padding_680=\u00a0\u00bb0 10%\u00a0\u00bb offset=\u00a0\u00bbvc_col-lg-6&Prime; column_responsive_padding_1024=\u00a0\u00bb0 10%\u00a0\u00bb column_responsive_padding_768=\u00a0\u00bb0 10%\u00a0\u00bb column_responsive_padding_1440=\u00a0\u00bb0 17px 0 17%\u00a0\u00bb column_responsive_padding_1366=\u00a0\u00bb0 17px 0 17%\u00a0\u00bb][vc_column_text] Le DOMAINE DU CLOS MOREAU 100% familial est aujourd\u2019hui sous la responsabilit\u00e9 des 2 fils Francis et Etienne, apr\u00e8s leur m\u00e8re Fran\u00e7oise g\u00e9rante depuis [&hellip;]<\/p>\n","protected":false},"author":1,"featured_media":0,"parent":0,"menu_order":0,"comment_status":"closed","ping_status":"closed","template":"page-full-width.php","meta":{"footnotes":""},"class_list":["post-4905","page","type-page","status-publish","hentry"],"_links":{"self":[{"href":"https:\/\/domaine-massenot-clos-moreau.fr\/index.php?rest_route=\/wp\/v2\/pages\/4905"}],"collection":[{"href":"https:\/\/domaine-massenot-clos-moreau.fr\/index.php?rest_route=\/wp\/v2\/pages"}],"about":[{"href":"https:\/\/domaine-massenot-clos-moreau.fr\/index.php?rest_route=\/wp\/v2\/types\/page"}],"author":[{"embeddable":true,"href":"https:\/\/domaine-massenot-clos-moreau.fr\/index.php?rest_route=\/wp\/v2\/users\/1"}],"replies":[{"embeddable":true,"href":"https:\/\/domaine-massenot-clos-moreau.fr\/index.php?rest_route=%2Fwp%2Fv2%2Fcomments&post=4905"}],"version-history":[{"count":63,"href":"https:\/\/domaine-massenot-clos-moreau.fr\/index.php?rest_route=\/wp\/v2\/pages\/4905\/revisions"}],"predecessor-version":[{"id":5654,"href":"https:\/\/domaine-massenot-clos-moreau.fr\/index.php?rest_route=\/wp\/v2\/pages\/4905\/revisions\/5654"}],"wp:attachment":[{"href":"https:\/\/domaine-massenot-clos-moreau.fr\/index.php?rest_route=%2Fwp%2Fv2%2Fmedia&parent=4905"}],"curies":[{"name":"wp","href":"https:\/\/api.w.org\/{rel}","templated":true}]}}